{"id":46618,"date":"2024-05-08T00:06:25","date_gmt":"2024-05-07T21:06:25","guid":{"rendered":"https:\/\/yazhotels.com\/new\/?page_id=46618"},"modified":"2024-06-14T12:25:22","modified_gmt":"2024-06-14T09:25:22","slug":"bodrumda-yasam","status":"publish","type":"page","link":"https:\/\/yazhotels.com\/TR\/bodrumda-yasam\/","title":{"rendered":"Bodrum\u2019da Ya\u015fam"},"content":{"rendered":"\t\t<div data-elementor-type=\"wp-page\" data-elementor-id=\"46618\" class=\"elementor elementor-46618\">\n\t\t\t\t\t\t<section class=\"elementor-section elementor-top-section elementor-element elementor-element-e83671f scheme_dark elementor-section-boxed elementor-section-height-default elementor-section-height-default animation_type_block sc_fly_static elementor-invisible\" data-id=\"e83671f\" data-element_type=\"section\" data-settings=\"{&quot;background_background&quot;:&quot;video&quot;,&quot;animation&quot;:&quot;choreo-fadeinup&quot;,&quot;background_video_link&quot;:&quot;https:\\\/\\\/yazhotels.com\\\/\\\/wp-content\\\/uploads\\\/2024\\\/05\\\/experience_2.mp4&quot;,&quot;background_play_on_mobile&quot;:&quot;yes&quot;}\">\n\t\t\t\t\t\t\t\t<div class=\"elementor-background-video-container\">\n\t\t\t\t\t\t\t\t\t\t\t\t\t<video class=\"elementor-background-video-hosted elementor-html5-video\" autoplay muted playsinline loop><\/video>\n\t\t\t\t\t\t\t\t\t\t\t<\/div>\n\t\t\t\t\t\t\t\t\t<div class=\"elementor-background-overlay\"><\/div>\n\t\t\t\t\t\t\t<div class=\"elementor-container elementor-column-gap-extended\">\n\t\t\t\t\t<div class=\"elementor-column elementor-col-100 elementor-top-column elementor-element elementor-element-3ec12b1 sc_inner_width_none sc_content_align_inherit sc_layouts_column_icons_position_left sc_fly_static\" data-id=\"3ec12b1\" data-element_type=\"column\">\n\t\t\t<div class=\"elementor-widget-wrap elementor-element-populated\">\n\t\t\t\t\t\t<div class=\"elementor-element elementor-element-d6b7f5d sc_fly_static elementor-widget elementor-widget-spacer\" data-id=\"d6b7f5d\" data-element_type=\"widget\" data-widget_type=\"spacer.default\">\n\t\t\t\t<div class=\"elementor-widget-container\">\n\t\t\t\t\t<div class=\"elementor-spacer\">\n\t\t\t<div class=\"elementor-spacer-inner\"><\/div>\n\t\t<\/div>\n\t\t\t\t<\/div>\n\t\t\t\t<\/div>\n\t\t\t\t<section class=\"elementor-section elementor-inner-section elementor-element elementor-element-144f89c elementor-section-boxed elementor-section-height-default elementor-section-height-default sc_fly_static\" data-id=\"144f89c\" data-element_type=\"section\">\n\t\t\t\t\t\t<div class=\"elementor-container elementor-column-gap-no\">\n\t\t\t\t\t<div class=\"elementor-column elementor-col-100 elementor-inner-column elementor-element elementor-element-9f2902d sc_inner_width_none sc_content_align_inherit sc_layouts_column_icons_position_left sc_fly_static\" data-id=\"9f2902d\" data-element_type=\"column\">\n\t\t\t<div class=\"elementor-widget-wrap elementor-element-populated\">\n\t\t\t\t\t\t<div data-parallax-params=\"{&quot;parallax&quot;:1,&quot;flow&quot;:&quot;default&quot;,&quot;crop&quot;:&quot;none&quot;,&quot;ease&quot;:&quot;power2&quot;,&quot;duration&quot;:1,&quot;delay&quot;:0,&quot;squeeze&quot;:1,&quot;text&quot;:&quot;block&quot;,&quot;text_separate&quot;:0,&quot;text_wrap&quot;:0,&quot;mouse&quot;:0,&quot;mouse_type&quot;:&quot;transform3d&quot;,&quot;mouse_tilt_amount&quot;:70,&quot;mouse_speed&quot;:10,&quot;mouse_z&quot;:&quot;&quot;,&quot;mouse_handler&quot;:&quot;row&quot;,&quot;range_start&quot;:0,&quot;range_end&quot;:40,&quot;sticky_offset&quot;:0,&quot;lag&quot;:0,&quot;x_start&quot;:10,&quot;x_start_unit&quot;:&quot;vw&quot;,&quot;x_end&quot;:0,&quot;x_end_unit&quot;:&quot;vw&quot;,&quot;y_start&quot;:0,&quot;y_start_unit&quot;:&quot;px&quot;,&quot;y_end&quot;:0,&quot;y_end_unit&quot;:&quot;px&quot;,&quot;scale_start&quot;:100,&quot;scale_end&quot;:100,&quot;rotate_start&quot;:0,&quot;rotate_end&quot;:0,&quot;opacity_start&quot;:1,&quot;opacity_end&quot;:1,&quot;crop_start&quot;:0,&quot;crop_end&quot;:100,&quot;range_start_tablet&quot;:0,&quot;range_end_tablet&quot;:40,&quot;sticky_offset_tablet&quot;:0,&quot;lag_tablet&quot;:0,&quot;x_start_tablet&quot;:10,&quot;x_start_tablet_unit&quot;:&quot;vw&quot;,&quot;x_end_tablet&quot;:0,&quot;x_end_tablet_unit&quot;:&quot;vw&quot;,&quot;y_start_tablet&quot;:0,&quot;y_start_tablet_unit&quot;:&quot;px&quot;,&quot;y_end_tablet&quot;:0,&quot;y_end_tablet_unit&quot;:&quot;px&quot;,&quot;scale_start_tablet&quot;:100,&quot;scale_end_tablet&quot;:100,&quot;rotate_start_tablet&quot;:0,&quot;rotate_end_tablet&quot;:0,&quot;opacity_start_tablet&quot;:1,&quot;opacity_end_tablet&quot;:1,&quot;crop_start_tablet&quot;:0,&quot;crop_end_tablet&quot;:100,&quot;range_start_mobile&quot;:0,&quot;range_end_mobile&quot;:40,&quot;sticky_offset_mobile&quot;:0,&quot;lag_mobile&quot;:0,&quot;x_start_mobile&quot;:10,&quot;x_start_mobile_unit&quot;:&quot;vw&quot;,&quot;x_end_mobile&quot;:0,&quot;x_end_mobile_unit&quot;:&quot;vw&quot;,&quot;y_start_mobile&quot;:0,&quot;y_start_mobile_unit&quot;:&quot;px&quot;,&quot;y_end_mobile&quot;:0,&quot;y_end_mobile_unit&quot;:&quot;px&quot;,&quot;scale_start_mobile&quot;:100,&quot;scale_end_mobile&quot;:100,&quot;rotate_start_mobile&quot;:0,&quot;rotate_end_mobile&quot;:0,&quot;opacity_start_mobile&quot;:1,&quot;opacity_end_mobile&quot;:1,&quot;crop_start_mobile&quot;:0,&quot;crop_end_mobile&quot;:100}\" data-mouse-helper=\"hover\" data-mouse-helper-hide-helper=\"0\" data-mouse-helper-centered=\"0\" data-mouse-helper-magnet=\"0\" data-mouse-helper-color=\"\" data-mouse-helper-bg-color=\"\" data-mouse-helper-bd-color=\"\" data-mouse-helper-bd-width=\"-1\" data-mouse-helper-mode=\"\" data-mouse-helper-axis=\"xy\" data-mouse-helper-delay=\"8\" data-mouse-helper-text=\"\" data-mouse-helper-text-size=\"\" data-mouse-helper-text-round=\"0\" data-mouse-helper-icon=\"\" data-mouse-helper-icon-size=\"\" data-mouse-helper-icon-color=\"\" data-mouse-helper-image=\"\" data-mouse-helper-layout=\"\" data-mouse-helper-class=\"\" data-mouse-helper-callback=\"\" data-mouse-helper-hide-cursor=\"0\" class=\"elementor-element elementor-element-89a79a1 sc_parallax sc_fly_static sc_parallax_default elementor-widget elementor-widget-trx_sc_title\" data-id=\"89a79a1\" data-element_type=\"widget\" data-widget_type=\"trx_sc_title.default\">\n\t\t\t\t<div class=\"elementor-widget-container\">\n\t\t\t<div\t\tclass=\"sc_title sc_title_default\" ><h1 class=\"sc_item_title sc_title_title sc_align_center sc_item_title_style_default sc_item_title_tag\"\n\t\t\t><span class=\"sc_item_title_text\">Bodrum\u2019da Ya\u015fam<\/span><\/h1><\/div>\t\t<\/div>\n\t\t\t\t<\/div>\n\t\t\t\t\t<\/div>\n\t\t<\/div>\n\t\t\t\t\t<\/div>\n\t\t<\/section>\n\t\t\t\t<div class=\"elementor-element elementor-element-5da3eca sc_fly_static elementor-widget elementor-widget-spacer\" data-id=\"5da3eca\" data-element_type=\"widget\" data-widget_type=\"spacer.default\">\n\t\t\t\t<div class=\"elementor-widget-container\">\n\t\t\t\t\t<div class=\"elementor-spacer\">\n\t\t\t<div class=\"elementor-spacer-inner\"><\/div>\n\t\t<\/div>\n\t\t\t\t<\/div>\n\t\t\t\t<\/div>\n\t\t\t\t\t<\/div>\n\t\t<\/div>\n\t\t\t\t\t<\/div>\n\t\t<\/section>\n\t\t\t\t<section class=\"elementor-section elementor-top-section elementor-element elementor-element-c94f911 elementor-section-boxed elementor-section-height-default elementor-section-height-default sc_fly_static\" data-id=\"c94f911\" data-element_type=\"section\">\n\t\t\t\t\t\t\t<div class=\"elementor-background-overlay\"><\/div>\n\t\t\t\t\t\t\t<div class=\"elementor-container elementor-column-gap-extended\">\n\t\t\t\t\t<div class=\"elementor-column elementor-col-100 elementor-top-column elementor-element elementor-element-7d77f5a sc_inner_width_none sc_content_align_inherit sc_layouts_column_icons_position_left sc_fly_static\" data-id=\"7d77f5a\" data-element_type=\"column\">\n\t\t\t<div class=\"elementor-widget-wrap elementor-element-populated\">\n\t\t\t\t\t\t<div class=\"elementor-element elementor-element-ce3eccf sc_height_huge sc_fly_static elementor-widget elementor-widget-spacer\" data-id=\"ce3eccf\" data-element_type=\"widget\" data-widget_type=\"spacer.default\">\n\t\t\t\t<div class=\"elementor-widget-container\">\n\t\t\t\t\t<div class=\"elementor-spacer\">\n\t\t\t<div class=\"elementor-spacer-inner\"><\/div>\n\t\t<\/div>\n\t\t\t\t<\/div>\n\t\t\t\t<\/div>\n\t\t\t\t<div class=\"elementor-element elementor-element-7189358 sc_fly_static elementor-widget elementor-widget-trx_sc_price\" data-id=\"7189358\" data-element_type=\"widget\" data-widget_type=\"trx_sc_price.default\">\n\t\t\t\t<div class=\"elementor-widget-container\">\n\t\t\t<div  \n\tclass=\"sc_price sc_price_default\"><div class=\"sc_price_columns_wrap sc_item_columns trx_addons_columns_wrap columns_padding_bottom columns_in_single_row\"><div class=\"trx_addons_column-1_3\"><div class=\"sc_price_item sc_price_item_default\">\n\t\t\t<div class=\"sc_price_item_image\"><img decoding=\"async\" src=\"\/\/yazhotels.com\/wp-content\/uploads\/2024\/05\/photo1.jpeg\" alt=\"Icon\"><\/div><div class=\"sc_price_item_info\"><div class=\"sc_price_item_details\"><h4 class=\"p1\"><span class=\"s1\">Leleg Yolu<\/span><\/h4>\n<h4><\/h4><\/div><a href=\"https:\/\/walking.goturkiye.com\/leleg-way\" class=\"sc_price_item_link sc_button\" target=\"_blank\">K\u0131lavuz<\/a><\/div><!-- \/.sc_price_item_info --><\/div><\/div><div class=\"trx_addons_column-1_3\"><div class=\"sc_price_item sc_price_item_default\">\n\t\t\t<div class=\"sc_price_item_image\"><img decoding=\"async\" src=\"\/\/yazhotels.com\/wp-content\/uploads\/2024\/05\/BodrumCastlesoutheast.jpg\" alt=\"Icon\"><\/div><div class=\"sc_price_item_info\"><div class=\"sc_price_item_details\"><h4 class=\"p1\"><span class=\"s1\">Bodrum Kalesi<\/span><\/h4>\n<h4><\/h4><\/div><a href=\"https:\/\/www.bodrum.bel.tr\/en\/page.php?id=20\/bodrum_kalesi\" class=\"sc_price_item_link sc_button\" target=\"_blank\">K\u0131lavuz<\/a><\/div><!-- \/.sc_price_item_info --><\/div><\/div><div class=\"trx_addons_column-1_3\"><div class=\"sc_price_item sc_price_item_default\">\n\t\t\t<div class=\"sc_price_item_image\"><img decoding=\"async\" src=\"\/\/yazhotels.com\/wp-content\/uploads\/2024\/05\/52-3.jpg\" alt=\"Icon\"><\/div><div class=\"sc_price_item_info\"><div class=\"sc_price_item_details\"><h4 class=\"p1\"><span class=\"s1\">Pazar Yerleri <\/span><\/h4><\/div><a href=\"https:\/\/www.bodrum.bel.tr\/en\/pazar_yerleri.php\" class=\"sc_price_item_link sc_button\" target=\"_blank\">K\u0131lavuz<\/a><\/div><!-- \/.sc_price_item_info --><\/div><\/div><\/div><\/div><!-- \/.sc_price -->\t\t<\/div>\n\t\t\t\t<\/div>\n\t\t\t\t<div class=\"elementor-element elementor-element-ffc20a8 sc_height_huge sc_fly_static elementor-widget elementor-widget-spacer\" data-id=\"ffc20a8\" data-element_type=\"widget\" data-widget_type=\"spacer.default\">\n\t\t\t\t<div class=\"elementor-widget-container\">\n\t\t\t\t\t<div class=\"elementor-spacer\">\n\t\t\t<div class=\"elementor-spacer-inner\"><\/div>\n\t\t<\/div>\n\t\t\t\t<\/div>\n\t\t\t\t<\/div>\n\t\t\t\t\t<\/div>\n\t\t<\/div>\n\t\t\t\t\t<\/div>\n\t\t<\/section>\n\t\t\t\t<section class=\"elementor-section elementor-top-section elementor-element elementor-element-0ab8d95 elementor-section-boxed elementor-section-height-default elementor-section-height-default sc_fly_static\" data-id=\"0ab8d95\" data-element_type=\"section\">\n\t\t\t\t\t\t\t<div class=\"elementor-background-overlay\"><\/div>\n\t\t\t\t\t\t\t<div class=\"elementor-container elementor-column-gap-extended\">\n\t\t\t\t\t<div class=\"elementor-column elementor-col-100 elementor-top-column elementor-element elementor-element-ae7826d sc_inner_width_none sc_content_align_inherit sc_layouts_column_icons_position_left sc_fly_static\" data-id=\"ae7826d\" data-element_type=\"column\" data-settings=\"{&quot;background_background&quot;:&quot;classic&quot;}\">\n\t\t\t<div class=\"elementor-widget-wrap elementor-element-populated\">\n\t\t\t\t\t\t<div class=\"elementor-element elementor-element-9ddde47 sc_fly_static elementor-widget elementor-widget-trx_sc_price\" data-id=\"9ddde47\" data-element_type=\"widget\" data-widget_type=\"trx_sc_price.default\">\n\t\t\t\t<div class=\"elementor-widget-container\">\n\t\t\t<div  \n\tclass=\"sc_price sc_price_default\"><div class=\"sc_price_columns_wrap sc_item_columns trx_addons_columns_wrap columns_padding_bottom columns_in_single_row\"><div class=\"trx_addons_column-1_3\"><div class=\"sc_price_item sc_price_item_default\">\n\t\t\t<div class=\"sc_price_item_image\"><img decoding=\"async\" src=\"\/\/yazhotels.com\/wp-content\/uploads\/2024\/05\/su-alti.jpeg\" alt=\"Icon\"><\/div><div class=\"sc_price_item_info\"><div class=\"sc_price_item_details\"><h4 class=\"p1\"><span class=\"s1\">Su Alt\u0131 Arkeoloji M\u00fczesi<br \/><\/span><\/h4><\/div><a href=\"https:\/\/www.bodrum.bel.tr\/en\/page.php?id=22\/bodrum_sualti_arkeoloji_muzesi\" class=\"sc_price_item_link sc_button\" target=\"_blank\">K\u0131lavuz<\/a><\/div><!-- \/.sc_price_item_info --><\/div><\/div><div class=\"trx_addons_column-1_3\"><div class=\"sc_price_item sc_price_item_default\">\n\t\t\t<div class=\"sc_price_item_image\"><img decoding=\"async\" src=\"\/\/yazhotels.com\/wp-content\/uploads\/2024\/05\/antik.jpg\" alt=\"Icon\"><\/div><div class=\"sc_price_item_info\"><div class=\"sc_price_item_details\"><h4 class=\"p1\"><span class=\"s1\">Antik Tiyatro <br \/><\/span><\/h4><\/div><a href=\"https:\/\/www.bodrum.bel.tr\/en\/page.php?id=23\/antik_tiyatro\" class=\"sc_price_item_link sc_button\" target=\"_blank\">K\u0131lavuz<\/a><\/div><!-- \/.sc_price_item_info --><\/div><\/div><div class=\"trx_addons_column-1_3\"><div class=\"sc_price_item sc_price_item_default\">\n\t\t\t<div class=\"sc_price_item_image\"><img decoding=\"async\" src=\"\/\/yazhotels.com\/wp-content\/uploads\/2024\/05\/PWyJT2.jpeg\" alt=\"Icon\"><\/div><div class=\"sc_price_item_info\"><div class=\"sc_price_item_details\"><h4 class=\"p1\">Aziz Nikola Kilisesi<\/h4><\/div><a href=\"https:\/\/www.bodrum.bel.tr\/en\/page.php?id=29\/aya_nikola_kilisesi\" class=\"sc_price_item_link sc_button\" target=\"_blank\">K\u0131lavuz<\/a><\/div><!-- \/.sc_price_item_info --><\/div><\/div><\/div><\/div><!-- \/.sc_price -->\t\t<\/div>\n\t\t\t\t<\/div>\n\t\t\t\t<div class=\"elementor-element elementor-element-6dcde1f sc_height_huge sc_fly_static elementor-widget elementor-widget-spacer\" data-id=\"6dcde1f\" data-element_type=\"widget\" data-widget_type=\"spacer.default\">\n\t\t\t\t<div class=\"elementor-widget-container\">\n\t\t\t\t\t<div class=\"elementor-spacer\">\n\t\t\t<div class=\"elementor-spacer-inner\"><\/div>\n\t\t<\/div>\n\t\t\t\t<\/div>\n\t\t\t\t<\/div>\n\t\t\t\t\t<\/div>\n\t\t<\/div>\n\t\t\t\t\t<\/div>\n\t\t<\/section>\n\t\t\t\t<\/div>\n\t\t","protected":false},"excerpt":{"rendered":"<p>Bodrum\u2019da Ya\u015fam Leleg Yolu K\u0131lavuz Bodrum Kalesi K\u0131lavuz Pazar Yerleri K\u0131lavuz Su Alt\u0131 Arkeoloji M\u00fczesi K\u0131lavuz Antik Tiyatro K\u0131lavuz Aziz Nikola Kilisesi K\u0131lavuz<\/p>\n","protected":false},"author":1,"featured_media":0,"parent":0,"menu_order":0,"comment_status":"closed","ping_status":"closed","template":"","meta":{"footnotes":""},"class_list":["post-46618","page","type-page","status-publish","hentry"],"yoast_head":"<!-- This site is optimized with the Yoast SEO plugin v22.7 - https:\/\/yoast.com\/wordpress\/plugins\/seo\/ -->\n<title>Bodrum\u2019da Ya\u015fam - YAZ Yal\u0131kavak<\/title>\n<meta name=\"robots\" content=\"index, follow, max-snippet:-1, max-image-preview:large, max-video-preview:-1\" \/>\n<link rel=\"canonical\" href=\"https:\/\/yazhotels.com\/TR\/bodrumda-yasam\/\" \/>\n<meta property=\"og:locale\" content=\"tr_TR\" \/>\n<meta property=\"og:type\" content=\"article\" \/>\n<meta property=\"og:title\" content=\"Bodrum\u2019da Ya\u015fam - YAZ Yal\u0131kavak\" \/>\n<meta property=\"og:description\" content=\"Bodrum\u2019da Ya\u015fam Leleg Yolu K\u0131lavuz Bodrum Kalesi K\u0131lavuz Pazar Yerleri K\u0131lavuz Su Alt\u0131 Arkeoloji M\u00fczesi K\u0131lavuz Antik Tiyatro K\u0131lavuz Aziz Nikola Kilisesi K\u0131lavuz\" \/>\n<meta property=\"og:url\" content=\"https:\/\/yazhotels.com\/TR\/bodrumda-yasam\/\" \/>\n<meta property=\"og:site_name\" content=\"YAZ Yal\u0131kavak\" \/>\n<meta property=\"article:publisher\" content=\"https:\/\/www.facebook.com\/YAZyalikavak\" \/>\n<meta property=\"article:modified_time\" content=\"2024-06-14T09:25:22+00:00\" \/>\n<meta property=\"og:image\" content=\"https:\/\/yazhotels.com\/TR\/wp-content\/uploads\/revslider\/video-media\/yazyalikavak_bg_video_2.jpeg\" \/>\n\t<meta property=\"og:image:width\" content=\"1920\" \/>\n\t<meta property=\"og:image:height\" content=\"1080\" \/>\n\t<meta property=\"og:image:type\" content=\"image\/jpeg\" \/>\n<meta name=\"twitter:card\" content=\"summary_large_image\" \/>\n<meta name=\"twitter:label1\" content=\"Tahmini okuma s\u00fcresi\" \/>\n\t<meta name=\"twitter:data1\" content=\"2 dakika\" \/>\n<script type=\"application\/ld+json\" class=\"yoast-schema-graph\">{\"@context\":\"https:\/\/schema.org\",\"@graph\":[{\"@type\":\"WebPage\",\"@id\":\"https:\/\/yazhotels.com\/TR\/bodrumda-yasam\/\",\"url\":\"https:\/\/yazhotels.com\/TR\/bodrumda-yasam\/\",\"name\":\"Bodrum\u2019da Ya\u015fam - YAZ Yal\u0131kavak\",\"isPartOf\":{\"@id\":\"https:\/\/yazhotels.com\/TR\/#website\"},\"datePublished\":\"2024-05-07T21:06:25+00:00\",\"dateModified\":\"2024-06-14T09:25:22+00:00\",\"breadcrumb\":{\"@id\":\"https:\/\/yazhotels.com\/TR\/bodrumda-yasam\/#breadcrumb\"},\"inLanguage\":\"tr\",\"potentialAction\":[{\"@type\":\"ReadAction\",\"target\":[\"https:\/\/yazhotels.com\/TR\/bodrumda-yasam\/\"]}]},{\"@type\":\"BreadcrumbList\",\"@id\":\"https:\/\/yazhotels.com\/TR\/bodrumda-yasam\/#breadcrumb\",\"itemListElement\":[{\"@type\":\"ListItem\",\"position\":1,\"name\":\"Anasayfa\",\"item\":\"https:\/\/yazhotels.com\/TR\/\"},{\"@type\":\"ListItem\",\"position\":2,\"name\":\"Bodrum\u2019da Ya\u015fam\"}]},{\"@type\":\"WebSite\",\"@id\":\"https:\/\/yazhotels.com\/TR\/#website\",\"url\":\"https:\/\/yazhotels.com\/TR\/\",\"name\":\"Yaz Yal\u0131kavak\",\"description\":\"\",\"publisher\":{\"@id\":\"https:\/\/yazhotels.com\/TR\/#organization\"},\"potentialAction\":[{\"@type\":\"SearchAction\",\"target\":{\"@type\":\"EntryPoint\",\"urlTemplate\":\"https:\/\/yazhotels.com\/TR\/?s={search_term_string}\"},\"query-input\":\"required name=search_term_string\"}],\"inLanguage\":\"tr\"},{\"@type\":\"Organization\",\"@id\":\"https:\/\/yazhotels.com\/TR\/#organization\",\"name\":\"Yaz Yal\u0131kavak\",\"url\":\"https:\/\/yazhotels.com\/TR\/\",\"logo\":{\"@type\":\"ImageObject\",\"inLanguage\":\"tr\",\"@id\":\"https:\/\/yazhotels.com\/TR\/#\/schema\/logo\/image\/\",\"url\":\"https:\/\/yazhotels.com\/wp-content\/uploads\/2022\/05\/bodrum-yaz-yalikavak-logo_2.svg\",\"contentUrl\":\"https:\/\/yazhotels.com\/wp-content\/uploads\/2022\/05\/bodrum-yaz-yalikavak-logo_2.svg\",\"width\":1,\"height\":1,\"caption\":\"Yaz Yal\u0131kavak\"},\"image\":{\"@id\":\"https:\/\/yazhotels.com\/TR\/#\/schema\/logo\/image\/\"},\"sameAs\":[\"https:\/\/www.facebook.com\/YAZyalikavak\",\"https:\/\/www.instagram.com\/yazyalikavak\/\"]}]}<\/script>\n<!-- \/ Yoast SEO plugin. -->","yoast_head_json":{"title":"Bodrum\u2019da Ya\u015fam - YAZ Yal\u0131kavak","robots":{"index":"index","follow":"follow","max-snippet":"max-snippet:-1","max-image-preview":"max-image-preview:large","max-video-preview":"max-video-preview:-1"},"canonical":"https:\/\/yazhotels.com\/TR\/bodrumda-yasam\/","og_locale":"tr_TR","og_type":"article","og_title":"Bodrum\u2019da Ya\u015fam - YAZ Yal\u0131kavak","og_description":"Bodrum\u2019da Ya\u015fam Leleg Yolu K\u0131lavuz Bodrum Kalesi K\u0131lavuz Pazar Yerleri K\u0131lavuz Su Alt\u0131 Arkeoloji M\u00fczesi K\u0131lavuz Antik Tiyatro K\u0131lavuz Aziz Nikola Kilisesi K\u0131lavuz","og_url":"https:\/\/yazhotels.com\/TR\/bodrumda-yasam\/","og_site_name":"YAZ Yal\u0131kavak","article_publisher":"https:\/\/www.facebook.com\/YAZyalikavak","article_modified_time":"2024-06-14T09:25:22+00:00","og_image":[{"width":1920,"height":1080,"url":"https:\/\/yazhotels.com\/TR\/wp-content\/uploads\/revslider\/video-media\/yazyalikavak_bg_video_2.jpeg","type":"image\/jpeg"}],"twitter_card":"summary_large_image","twitter_misc":{"Tahmini okuma s\u00fcresi":"2 dakika"},"schema":{"@context":"https:\/\/schema.org","@graph":[{"@type":"WebPage","@id":"https:\/\/yazhotels.com\/TR\/bodrumda-yasam\/","url":"https:\/\/yazhotels.com\/TR\/bodrumda-yasam\/","name":"Bodrum\u2019da Ya\u015fam - YAZ Yal\u0131kavak","isPartOf":{"@id":"https:\/\/yazhotels.com\/TR\/#website"},"datePublished":"2024-05-07T21:06:25+00:00","dateModified":"2024-06-14T09:25:22+00:00","breadcrumb":{"@id":"https:\/\/yazhotels.com\/TR\/bodrumda-yasam\/#breadcrumb"},"inLanguage":"tr","potentialAction":[{"@type":"ReadAction","target":["https:\/\/yazhotels.com\/TR\/bodrumda-yasam\/"]}]},{"@type":"BreadcrumbList","@id":"https:\/\/yazhotels.com\/TR\/bodrumda-yasam\/#breadcrumb","itemListElement":[{"@type":"ListItem","position":1,"name":"Anasayfa","item":"https:\/\/yazhotels.com\/TR\/"},{"@type":"ListItem","position":2,"name":"Bodrum\u2019da Ya\u015fam"}]},{"@type":"WebSite","@id":"https:\/\/yazhotels.com\/TR\/#website","url":"https:\/\/yazhotels.com\/TR\/","name":"Yaz Yal\u0131kavak","description":"","publisher":{"@id":"https:\/\/yazhotels.com\/TR\/#organization"},"potentialAction":[{"@type":"SearchAction","target":{"@type":"EntryPoint","urlTemplate":"https:\/\/yazhotels.com\/TR\/?s={search_term_string}"},"query-input":"required name=search_term_string"}],"inLanguage":"tr"},{"@type":"Organization","@id":"https:\/\/yazhotels.com\/TR\/#organization","name":"Yaz Yal\u0131kavak","url":"https:\/\/yazhotels.com\/TR\/","logo":{"@type":"ImageObject","inLanguage":"tr","@id":"https:\/\/yazhotels.com\/TR\/#\/schema\/logo\/image\/","url":"https:\/\/yazhotels.com\/wp-content\/uploads\/2022\/05\/bodrum-yaz-yalikavak-logo_2.svg","contentUrl":"https:\/\/yazhotels.com\/wp-content\/uploads\/2022\/05\/bodrum-yaz-yalikavak-logo_2.svg","width":1,"height":1,"caption":"Yaz Yal\u0131kavak"},"image":{"@id":"https:\/\/yazhotels.com\/TR\/#\/schema\/logo\/image\/"},"sameAs":["https:\/\/www.facebook.com\/YAZyalikavak","https:\/\/www.instagram.com\/yazyalikavak\/"]}]}},"_links":{"self":[{"href":"https:\/\/yazhotels.com\/TR\/wp-json\/wp\/v2\/pages\/46618","targetHints":{"allow":["GET"]}}],"collection":[{"href":"https:\/\/yazhotels.com\/TR\/wp-json\/wp\/v2\/pages"}],"about":[{"href":"https:\/\/yazhotels.com\/TR\/wp-json\/wp\/v2\/types\/page"}],"author":[{"embeddable":true,"href":"https:\/\/yazhotels.com\/TR\/wp-json\/wp\/v2\/users\/1"}],"replies":[{"embeddable":true,"href":"https:\/\/yazhotels.com\/TR\/wp-json\/wp\/v2\/comments?post=46618"}],"version-history":[{"count":64,"href":"https:\/\/yazhotels.com\/TR\/wp-json\/wp\/v2\/pages\/46618\/revisions"}],"predecessor-version":[{"id":47409,"href":"https:\/\/yazhotels.com\/TR\/wp-json\/wp\/v2\/pages\/46618\/revisions\/47409"}],"wp:attachment":[{"href":"https:\/\/yazhotels.com\/TR\/wp-json\/wp\/v2\/media?parent=46618"}],"curies":[{"name":"wp","href":"https:\/\/api.w.org\/{rel}","templated":true}]}}